{"id":10,"date":"2019-05-03T14:19:31","date_gmt":"2019-05-03T12:19:31","guid":{"rendered":"https:\/\/www.consult-repair.com\/?page_id=10"},"modified":"2026-03-22T03:47:16","modified_gmt":"2026-03-22T02:47:16","slug":"mesmerize","status":"publish","type":"page","link":"https:\/\/www.consult-repair.com\/","title":{"rendered":"Front Page"},"content":{"rendered":"<div  id=\"qui-sommes-nous\" class=\"about-images-right-section-mc content-section content-section-spacing full-screen-section\" style=\"background-color: #ffffff; background-image: none;\" data-label=\"Qui sommes nous\" data-id=\"about--1\" data-export-id=\"about-images-right-section-mc\" data-category=\"about\" data-bullets-visibility=\"true\">\n<div  class=\"gridContainer\">\n<div  class=\"row middle-sm text-center\">\n<div  class=\"col-sm-5 content-left-sm\" data-type=\"column\">\n<h5  class=\"\">Qui sommes-nous ?<\/h5>\n<h2  class=\"\">Simplifiez la gestion de votre informatique !<\/h2>\n<p  class=\"\">Support, cloud, s\u00e9curit\u00e9 et infog\u00e9rance pour les entreprises.<\/p><p  class=\"\">Depuis 2007, CARE accompagne les entreprises dans la gestion, la s\u00e9curisation et l\u2019\u00e9volution de leur syst\u00e8me informatique.<br >Implant\u00e9s en r\u00e9gion Lyonnaise, avec des bureaux \u00e0 Lyon et un atelier technique \u00e0 Miribel, nous allions proximit\u00e9, expertise et r\u00e9activit\u00e9.<br >Nous intervenons \u00e0 distance et sur site sur l\u2019ensemble du territoire pour r\u00e9pondre aux enjeux de nos clients.<br >Nous proposons un accompagnement global, de l\u2019assistance quotidienne \u00e0 la mise en place d\u2019infrastructures et de solutions cloud adapt\u00e9es.<br >Une gestion globale et proactive de votre informatique, avec un interlocuteur unique pour vous accompagner au quotidien.<br >Notre engagement : garantir un environnement informatique fiable, s\u00e9curis\u00e9 et performant, au service de votre activit\u00e9.<\/p>\n<a  class=\"button blue\" href=\"#a-votre-service\" target=\"_self\" rel=\"noopener noreferrer\" data-cp-link=\"1\">Voir nos services<\/a>\n\n<\/div>\n<div  class=\"col-sm-7 space-bottom-xs\">\n<div  class=\"image-group-side-3-img\"><img  decoding=\"async\" class=\"topimg shadow-large\" title=\"2ca856bd14fae9f758c89576695e-1448233\" src=\"https:\/\/www.consult-repair.com\/wp-content\/uploads\/2019\/05\/2ca856bd14fae9f758c89576695e-1448233.jpg\" alt=\"\"> <img  decoding=\"async\" class=\"rightimg shadow-large\" title=\"network_cable_ethernet_computer_technology_digital_connection_equipment-553587\" src=\"https:\/\/www.consult-repair.com\/wp-content\/uploads\/2019\/05\/network_cable_ethernet_computer_technology_digital_connection_equipment-553587.jpg\" alt=\"\">\n<div  class=\"leftimg\"><img  decoding=\"async\" class=\"shadow-large\" title=\"action_adult_advice_advise_asking_boss_brainstorming_business-1563083\" src=\"https:\/\/www.consult-repair.com\/wp-content\/uploads\/2019\/05\/action_adult_advice_advise_asking_boss_brainstorming_business-1563083.jpg\" alt=\"\"><\/div>\n<\/div>\n<\/div>\n<\/div>\n<\/div>\n<\/div><div  id=\"ils-traivaillent-avec-nous\" class=\"clients-4 content-section content-section-spacing-small\" style=\"background-color: #f5fafd; background-image: none;\" data-label=\"Ils traivaillent avec nous\" data-id=\"clients--1\" data-export-id=\"clients-4\" data-category=\"clients\">\n<div  class=\"gridContainer\">\n<div  class=\"row\">\n<div  class=\"section-title-col\" data-type=\"column\">\n<h2  class=\"font-700\">Nos partenaires<\/h2>\n<\/div>\n<\/div>\n<div  class=\"row spaced-cols middle-xs center-xs space-bottom padding-lr\" data-type=\"row\">\n<div  class=\"col-xs-6 col-sm-2 col-md-2\"><img  decoding=\"async\" class=\"\" title=\"Lenovo-new-logo-2015-bg\" src=\"https:\/\/www.consult-repair.com\/wp-content\/uploads\/2019\/05\/Lenovo-new-logo-2015-bg.png\" alt=\"\"><\/div>\n<div  class=\"col-xs-6 col-sm-2 col-md-2\"><img  decoding=\"async\" class=\"\" title=\"1280px-Microsoft_logo_(2012).svg\" src=\"https:\/\/www.consult-repair.com\/wp-content\/uploads\/2019\/05\/1280px-Microsoft_logo_2012.svg_.png\" alt=\"\"><\/div>\n<div  class=\"col-xs-6 col-sm-2 col-md-2\"><img  decoding=\"async\" class=\"\" title=\"zyxel\" src=\"https:\/\/www.consult-repair.com\/wp-content\/uploads\/2019\/05\/zyxel.png\" alt=\"\"><\/div>\n<div  class=\"col-xs-6 col-sm-2 col-md-2\"><img  decoding=\"async\" class=\"\" title=\"Altaro\" src=\"https:\/\/www.consult-repair.com\/wp-content\/uploads\/2019\/05\/Altaro.png\" alt=\"\"><\/div>\n<div  class=\"col-xs-6 col-sm-2 col-md-2\"><img  decoding=\"async\" class=\"\" title=\"cropped-kisspng-synology-inc-network-storage-systems-dell-compute-lic-logo-5b4966f8434e72.7359408015315371442757.png\" src=\"https:\/\/www.consult-repair.com\/wp-content\/uploads\/2019\/05\/cropped-kisspng-synology-inc-network-storage-systems-dell-compute-lic-logo-5b4966f8434e72.7359408015315371442757.png\" alt=\"\"><\/div>\n<\/div>\n<\/div>\n<\/div><div  id=\"a-votre-service\" class=\"features-12-card-bordered content-section content-section-spacing  full-screen-section\" style=\"background-color: #ffffff; background-image: none;\" data-label=\"A votre service\" data-id=\"features--1\" data-export-id=\"features-12-card-bordered\" data-category=\"features\" data-bullets-visibility=\"true\">\n<div  class=\"gridContainer\">\n<div  class=\"row text-center\">\n<div  class=\"section-title-col\" data-type=\"column\">\n<h2  class=\"\">A votre service !<\/h2>\n<div  class=\"\">Consult and Repair assure une ressource cruciale pour votre entreprise.\nNous vous accompagnons chaque jour dans la gestion de vos op\u00e9rations informatiques via des services sur-mesure.<\/div>\n<\/div>\n<\/div>\n<div  class=\"row spaced-cols\" data-type=\"row\">\n<div  class=\"col-sm-6 col-md-6 \">\n<div  class=\"card row-card bordered y-move\">\n<div  class=\"row\">\n<div  class=\"col-sm-fit icon-column\"><\/div>\n<div  class=\"col-sm\" data-type=\"column\">\n<h5  class=\"color2\">Support et infog\u00e9rance<\/h5>\n<p  class=\"\">Nous assurons le support et la supervision de votre parc informatique.<br >Nous intervenons \u00e0 distance ou directement sur site.<br >Nous g\u00e9rons vos utilisateurs, vos acc\u00e8s et vos syst\u00e8mes au quotidien.<br >Nous garantissons la continuit\u00e9 et la performance de votre activit\u00e9.<br >Nous proposons \u00e9galement des prestations en r\u00e9gie avec technicien d\u00e9di\u00e9.<\/p>\n\n<\/div>\n<\/div>\n<\/div>\n<\/div>\n\n<div  class=\"col-sm-6 col-md-6 \">\n<div  class=\"card row-card bordered y-move\">\n<div  class=\"row\">\n<div  class=\"col-sm-fit icon-column\"><\/div>\n<div  class=\"col-sm\" data-type=\"column\">\n<h5  class=\"color2\">Services Cloud<\/h5>\n<p  class=\"\">Nous vous accompagnons dans la mise en place et la gestion de vos outils en ligne.<br >Nous facilitons le partage de documents et le travail collaboratif.<br >Nous s\u00e9curisons l\u2019acc\u00e8s \u00e0 vos donn\u00e9es, o\u00f9 que vous soyez.\n<br ><br ><\/p>\n\n<\/div>\n<\/div>\n<\/div>\n<\/div>\n<div  class=\"col-sm-6 col-md-6 \">\n<div  class=\"card row-card bordered y-move\">\n<div  class=\"row\">\n<div  class=\"col-sm-fit icon-column\"><\/div>\n<div  class=\"col-sm\" data-type=\"column\">\n<h5  class=\"color2\">S\u00e9curit\u00e9 informatique<\/h5>\n<p  class=\"\">Nous prot\u00e9geons votre syst\u00e8me contre les cybermenaces.<br >Nous s\u00e9curisons vos acc\u00e8s, vos connexions et vos \u00e9quipements.<br >Nous surveillons votre infrastructure en continu.<br >Vous travaillez en toute s\u00e9r\u00e9nit\u00e9 avec un environnement s\u00e9curis\u00e9.<br >\n<br ><br ><\/p>\n\n<\/div>\n<\/div>\n<\/div>\n<\/div>\n<div  class=\"col-sm-6 col-md-6 \">\n<div  class=\"card row-card bordered y-move\">\n<div  class=\"row\">\n<div  class=\"col-sm-fit icon-column\"><\/div>\n<div  class=\"col-sm\" data-type=\"column\">\n<h5  class=\"color2\">Maintenance informatique<\/h5>\n<p  class=\"\">Nous assurons la maintenance pr\u00e9ventive et corrective de vos \u00e9quipements.<br >Nous r\u00e9parons vos \u00e9quipements informatiques en cas de panne (serveurs, postes fixes et portables).<br >Elle s\u2019int\u00e8gre naturellement \u00e0 nos prestations d\u2019infog\u00e9rance.<br >Nous proposons \u00e9galement des interventions ponctuelles.<br >Nous vous garantissons des syst\u00e8mes fiables et toujours op\u00e9rationnels.<\/p>\n\n<\/div>\n<\/div>\n<\/div>\n<\/div>\n<div  class=\"col-sm-6 col-md-6 \">\n<div  class=\"card row-card bordered y-move\">\n<div  class=\"row\">\n<div  class=\"col-sm-fit icon-column\"><\/div>\n<div  class=\"col-sm\" data-type=\"column\">\n\n<h5  class=\"color2\">Sauvegarde et r\u00e9cup\u00e9ration de vos donn\u00e9es<\/h5><p  class=\"\">Nous mettons en place des sauvegardes fiables et automatis\u00e9es.<br >Nous s\u00e9curisons vos donn\u00e9es et assurons leur restauration rapide.<br >Nous vous aidons \u00e0 pr\u00e9venir toute perte d\u2019informations.<br ><\/p>\n\n<\/div>\n<\/div>\n<\/div>\n<\/div><div  class=\"col-sm-6 col-md-6\">\n<div  class=\"card row-card bordered y-move\">\n<div  class=\"row\">\n<div  class=\"col-sm-fit icon-column\"><\/div>\n<div  class=\"col-sm\" data-type=\"column\">\n<h5  class=\"color2\">Infrastructure informatique<\/h5><p  class=\"\">Nous concevons et d\u00e9ployons votre infrastructure informatique.<br >Nous installons vos serveurs, vos \u00e9quipements et votre r\u00e9seau.<br >Nous r\u00e9alisons le c\u00e2blage et l\u2019organisation de votre installation.<br >Vous b\u00e9n\u00e9ficiez d\u2019un syst\u00e8me fiable, structur\u00e9 et performant.<\/p>\n\n\n<\/div>\n<\/div>\n<\/div>\n<\/div><div  class=\"col-sm-6 col-md-6\">\n<div  class=\"card row-card bordered y-move\">\n<div  class=\"row\">\n<div  class=\"col-sm-fit icon-column\"><\/div>\n<div  class=\"col-sm\" data-type=\"column\">\n<h5  class=\"color2\">IT Consulting<\/h5>\n<p  class=\"\">Nous analysons vos besoins et vos enjeux informatiques.<br >Nous vous conseillons des solutions adapt\u00e9es \u00e0 votre activit\u00e9.<br >Nous vous accompagnons dans l\u2019\u00e9volution de votre syst\u00e8me.<br >Vous optimisez vos performances et vos investissements IT.<\/p>\n\n<\/div>\n<\/div>\n<\/div>\n<\/div><\/div>\n<\/div>\n<\/div><div  id=\"content-1\" class=\"content-12 content-section content-section-spacing\" style=\"background-color: #ffffff; background-image: none;\" data-label=\"Content\" data-id=\"content--1\" data-export-id=\"content-12\" data-category=\"content\">\n<div  class=\"gridContainer\">\n<div  class=\"row text-center\">\n<div  class=\"section-title-col\" data-type=\"column\"><\/div>\n<\/div>\n<div  class=\"row center-xs middle-xs\">\n<div  class=\"col-sm-9\" data-type=\"column\"><img  decoding=\"async\" class=\"shadow-large\" title=\"cropped-Data-Protection-Officer_250.jpg\" src=\"https:\/\/www.consult-repair.com\/wp-content\/uploads\/2020\/11\/cropped-Data-Protection-Officer_250.jpg\" alt=\"\"><\/div>\n<\/div>\n<\/div>\n<\/div><div  id=\"contact-1\" class=\"contact-1-mc content-section content-section-spacing white-text\" style=\"background-color: #ffffff; background-size: cover; background-position: center top; background-image: url('https:\/\/www.consult-repair.com\/wp-content\/uploads\/2019\/05\/header.jpg');\" data-label=\"Contact\" data-id=\"contact-1-mc\" data-export-id=\"contact-1-mc\" data-bullets-visibility=\"true\" data-category=\"contact\" data-parallax-depth=\"20\">\n<div  class=\"gridContainer\">\n<div  class=\"row text-center\">\n<div  class=\"section-title-col\" data-type=\"column\">\n<h2  class=\"\">Contactez-nous !<\/h2>\n<p  class=\"lead\">Vous \u00eates int\u00e9ress\u00e9 par nos services ? Vous souhaitez nous rejoindre ?<\/p>\n<i  class=\"\">N\u2019h\u00e9sitez \u00e0 nous contacter par mail ou t\u00e9l\u00e9phone.&nbsp;Nous vous r\u00e9pondrons le plus t\u00f4t possible !<\/i>\n\n<\/div>\n<\/div>\n<div  class=\"row text-center\">\n<div  class=\"col-xs-12 col-sm-8 col-sm-offset-2 contact-form-wrapper inline-info\">\n<div  class=\"card large-padding\">\n<div  class=\"\" data-content-shortcode=\"mesmerize_contact_form shortcode=&quot;contact-form-7 id=&amp;amp;quot;45&amp;amp;quot; title=&amp;amp;quot;Formulaire de contact 1&amp;amp;quot;&quot;\" data-editable=\"true\">\n<div class=\"wpcf7 no-js\" id=\"wpcf7-f45-o1\" lang=\"fr-FR\" dir=\"ltr\" data-wpcf7-id=\"45\">\n<div class=\"screen-reader-response\"><p role=\"status\" aria-live=\"polite\" aria-atomic=\"true\"><\/p> <ul><\/ul><\/div>\n<form action=\"\/index.php?rest_route=%2Fwp%2Fv2%2Fpages%2F10#wpcf7-f45-o1\" method=\"post\" class=\"wpcf7-form init\" aria-label=\"Formulaire de contact\" novalidate=\"novalidate\" data-status=\"init\">\n<fieldset class=\"hidden-fields-container\"><input type=\"hidden\" name=\"_wpcf7\" value=\"45\" \/><input type=\"hidden\" name=\"_wpcf7_version\" value=\"6.1.5\" \/><input type=\"hidden\" name=\"_wpcf7_locale\" value=\"fr_FR\" \/><input type=\"hidden\" name=\"_wpcf7_unit_tag\" value=\"wpcf7-f45-o1\" \/><input type=\"hidden\" name=\"_wpcf7_container_post\" value=\"0\" \/><input type=\"hidden\" name=\"_wpcf7_posted_data_hash\" value=\"\" \/><input type=\"hidden\" name=\"_wpcf7_recaptcha_response\" value=\"\" \/>\n<\/fieldset>\n<p><label> Votre nom (obligatoire)<br \/>\n<span class=\"wpcf7-form-control-wrap\" data-name=\"your-name\"><input size=\"40\" maxlength=\"400\" class=\"wpcf7-form-control wpcf7-text wpcf7-validates-as-required\" aria-required=\"true\" aria-invalid=\"false\" value=\"\" type=\"text\" name=\"your-name\" \/><\/span> <\/label>\n<\/p>\n<p><label> Votre E-mail (obligatoire)<br \/>\n<span class=\"wpcf7-form-control-wrap\" data-name=\"your-email\"><input size=\"40\" maxlength=\"400\" class=\"wpcf7-form-control wpcf7-email wpcf7-validates-as-required wpcf7-text wpcf7-validates-as-email\" aria-required=\"true\" aria-invalid=\"false\" value=\"\" type=\"email\" name=\"your-email\" \/><\/span> <\/label>\n<\/p>\n<p><label> Objet<br \/>\n<span class=\"wpcf7-form-control-wrap\" data-name=\"your-subject\"><input size=\"40\" maxlength=\"400\" class=\"wpcf7-form-control wpcf7-text\" aria-invalid=\"false\" value=\"\" type=\"text\" name=\"your-subject\" \/><\/span> <\/label>\n<\/p>\n<p><label> Votre message<br \/>\n<span class=\"wpcf7-form-control-wrap\" data-name=\"your-message\"><textarea cols=\"40\" rows=\"10\" maxlength=\"2000\" class=\"wpcf7-form-control wpcf7-textarea\" aria-invalid=\"false\" name=\"your-message\"><\/textarea><\/span> <\/label>\n<\/p>\n<p><div class=\"cf7-cf-turnstile\" style=\"margin-top: 0px; margin-bottom: -15px;\"> <div id=\"cf-turnstile-cf7-1882937397\" class=\"cf-turnstile\" data-sitekey=\"0x4AAAAAACuMzXVL9JgMzyTT\" data-theme=\"light\" data-language=\"auto\" data-size=\"normal\" data-retry=\"auto\" data-retry-interval=\"1000\" data-refresh-expired=\"auto\" data-action=\"contact-form-7\" data-appearance=\"always\"><\/div> <script>document.addEventListener(\"DOMContentLoaded\", function() { setTimeout(function(){ var e=document.getElementById(\"cf-turnstile-cf7-1882937397\"); e&&!e.innerHTML.trim()&&(turnstile.remove(\"#cf-turnstile-cf7-1882937397\"), turnstile.render(\"#cf-turnstile-cf7-1882937397\", {sitekey:\"0x4AAAAAACuMzXVL9JgMzyTT\"})); }, 100); });<\/script> <br class=\"cf-turnstile-br cf-turnstile-br-cf7-1882937397\"> <style>#cf-turnstile-cf7-1882937397 { margin-left: -15px; }<\/style> <script>document.addEventListener(\"DOMContentLoaded\",function(){document.querySelectorAll('.wpcf7-form').forEach(function(e){e.addEventListener('submit',function(){if(document.getElementById('cf-turnstile-cf7-1882937397')){setTimeout(function(){turnstile.reset('#cf-turnstile-cf7-1882937397');},1000)}})})});<\/script> <\/div><br\/><input class=\"wpcf7-form-control wpcf7-submit has-spinner\" type=\"submit\" value=\"Envoyer\" \/>\n<\/p><div class=\"wpcf7-response-output\" aria-hidden=\"true\"><\/div>\n<\/form>\n<\/div>\n<\/div>\n<\/div>\n<\/div>\n<\/div>\n<\/div>\n<\/div>","protected":false},"excerpt":{"rendered":"<p>Qui sommes-nous ? Simplifiez la gestion de votre informatique ! Support, cloud, s\u00e9curit\u00e9 et infog\u00e9rance pour les entreprises.Depuis 2007, CARE accompagne les entreprises dans la gestion, la s\u00e9curisation et l\u2019\u00e9volution de leur syst\u00e8me informatique.Implant\u00e9s en r\u00e9gion Lyonnaise, avec des bureaux \u00e0 Lyon et un atelier technique \u00e0 Miribel, nous allions proximit\u00e9, expertise et r\u00e9activit\u00e9.Nous intervenons&hellip; <br \/> <a class=\"read-more\" href=\"https:\/\/www.consult-repair.com\/\">Lire la suite<\/a><\/p>\n","protected":false},"author":1,"featured_media":0,"parent":0,"menu_order":0,"comment_status":"closed","ping_status":"closed","template":"page-templates\/homepage.php","meta":{"_monsterinsights_skip_tracking":false,"_monsterinsights_sitenote_active":false,"_monsterinsights_sitenote_note":"","_monsterinsights_sitenote_category":0,"footnotes":""},"class_list":["post-10","page","type-page","status-publish","hentry"],"_links":{"self":[{"href":"https:\/\/www.consult-repair.com\/index.php?rest_route=\/wp\/v2\/pages\/10","targetHints":{"allow":["GET"]}}],"collection":[{"href":"https:\/\/www.consult-repair.com\/index.php?rest_route=\/wp\/v2\/pages"}],"about":[{"href":"https:\/\/www.consult-repair.com\/index.php?rest_route=\/wp\/v2\/types\/page"}],"author":[{"embeddable":true,"href":"https:\/\/www.consult-repair.com\/index.php?rest_route=\/wp\/v2\/users\/1"}],"replies":[{"embeddable":true,"href":"https:\/\/www.consult-repair.com\/index.php?rest_route=%2Fwp%2Fv2%2Fcomments&post=10"}],"version-history":[{"count":34,"href":"https:\/\/www.consult-repair.com\/index.php?rest_route=\/wp\/v2\/pages\/10\/revisions"}],"predecessor-version":[{"id":152,"href":"https:\/\/www.consult-repair.com\/index.php?rest_route=\/wp\/v2\/pages\/10\/revisions\/152"}],"wp:attachment":[{"href":"https:\/\/www.consult-repair.com\/index.php?rest_route=%2Fwp%2Fv2%2Fmedia&parent=10"}],"curies":[{"name":"wp","href":"https:\/\/api.w.org\/{rel}","templated":true}]}}